{"id":29,"date":"2023-02-24T10:33:25","date_gmt":"2023-02-24T10:33:25","guid":{"rendered":"https:\/\/ramisol.es\/?page_id=29"},"modified":"2023-07-30T17:19:18","modified_gmt":"2023-07-30T17:19:18","slug":"pavimentos-ramisol","status":"publish","type":"page","link":"https:\/\/ramisol.es\/","title":{"rendered":"Pavimentos Ramisol"},"content":{"rendered":"\n<p><\/p>\n\n\n<div class=\"wp-block-image\">\n<figure class=\"aligncenter size-large\"><img loading=\"lazy\" decoding=\"async\" width=\"768\" height=\"1024\" src=\"https:\/\/ramisol.es\/wp-content\/uploads\/2023\/06\/M.-PIEDRA-INGLESA-ENV-PLATA-768x1024.jpg\" alt=\"\" class=\"wp-image-260\" srcset=\"https:\/\/ramisol.es\/wp-content\/uploads\/2023\/06\/M.-PIEDRA-INGLESA-ENV-PLATA-768x1024.jpg 768w, https:\/\/ramisol.es\/wp-content\/uploads\/2023\/06\/M.-PIEDRA-INGLESA-ENV-PLATA-225x300.jpg 225w, https:\/\/ramisol.es\/wp-content\/uploads\/2023\/06\/M.-PIEDRA-INGLESA-ENV-PLATA-1152x1536.jpg 1152w, https:\/\/ramisol.es\/wp-content\/uploads\/2023\/06\/M.-PIEDRA-INGLESA-ENV-PLATA.jpg 1536w\" sizes=\"auto, (max-width: 768px) 100vw, 768px\" \/><\/figure>\n<\/div>\n\n\n<p>Desde Pavimentos Ramisol ofrecemos soluciones para solar superficies con hormig\u00f3n pulido o decorativo (pavimento impreso, pavimento vertical). Si necesitas informaci\u00f3n sobre los tipos de pavimentos que trabajamos, puedes visitar nuestras p\u00e1ginas sobre pavimentos.<\/p>\n\n\n\n<p>Por otro lado, si ya sabes qu\u00e9 tipo de pavimento necesitas y quieres ver nuestros trabajos, puedes visitar nuestras distintas galer\u00edas de pavimentos con hormig\u00f3n.<\/p>\n\n\n\n<h2 class=\"wp-block-heading\">PAVIMENTOS<\/h2>\n\n\n\n<figure class=\"wp-block-gallery has-nested-images columns-default is-cropped wp-block-gallery-1 is-layout-flex wp-block-gallery-is-layout-flex\">\n<figure class=\"wp-block-image size-large\"><a href=\"https:\/\/ramisol.es\/index.php\/hormigon-impreso\/\" target=\"_blank\" rel=\"noreferrer noopener\"><img loading=\"lazy\" decoding=\"async\" width=\"768\" height=\"1024\" data-id=\"300\" src=\"https:\/\/ramisol.es\/wp-content\/uploads\/2023\/06\/Hormigon-impreso-768x1024.jpg\" alt=\"\" class=\"wp-image-300\" srcset=\"https:\/\/ramisol.es\/wp-content\/uploads\/2023\/06\/Hormigon-impreso-768x1024.jpg 768w, https:\/\/ramisol.es\/wp-content\/uploads\/2023\/06\/Hormigon-impreso-225x300.jpg 225w, https:\/\/ramisol.es\/wp-content\/uploads\/2023\/06\/Hormigon-impreso-1152x1536.jpg 1152w, https:\/\/ramisol.es\/wp-content\/uploads\/2023\/06\/Hormigon-impreso.jpg 1536w\" sizes=\"auto, (max-width: 768px) 100vw, 768px\" \/><\/a><figcaption class=\"wp-element-caption\"><mark style=\"background-color:#000000\" class=\"has-inline-color has-white-color\">Pavimentos de Hormig\u00f3n impreso<\/mark><\/figcaption><\/figure>\n\n\n\n<figure class=\"wp-block-image size-large\"><a href=\"https:\/\/ramisol.es\/index.php\/hormigon-pulido\/\" target=\"_blank\" rel=\"noreferrer noopener\"><img loading=\"lazy\" decoding=\"async\" width=\"768\" height=\"1024\" data-id=\"298\" src=\"https:\/\/ramisol.es\/wp-content\/uploads\/2023\/06\/Hormigon-pulido-768x1024.jpg\" alt=\"\" class=\"wp-image-298\" srcset=\"https:\/\/ramisol.es\/wp-content\/uploads\/2023\/06\/Hormigon-pulido-768x1024.jpg 768w, https:\/\/ramisol.es\/wp-content\/uploads\/2023\/06\/Hormigon-pulido-225x300.jpg 225w, https:\/\/ramisol.es\/wp-content\/uploads\/2023\/06\/Hormigon-pulido-1152x1536.jpg 1152w, https:\/\/ramisol.es\/wp-content\/uploads\/2023\/06\/Hormigon-pulido.jpg 1536w\" sizes=\"auto, (max-width: 768px) 100vw, 768px\" \/><\/a><figcaption class=\"wp-element-caption\"><mark style=\"background-color:#000000\" class=\"has-inline-color has-white-color\">Pavimentos de Hormig\u00f3n pulido<\/mark><\/figcaption><\/figure>\n\n\n\n<figure class=\"wp-block-image size-large\"><a href=\"https:\/\/ramisol.es\/index.php\/pavimentos-especiales\/\" target=\"_blank\" rel=\"noreferrer noopener\"><img loading=\"lazy\" decoding=\"async\" width=\"768\" height=\"1024\" data-id=\"299\" src=\"https:\/\/ramisol.es\/wp-content\/uploads\/2023\/06\/Hormigon-vertical-768x1024.jpg\" alt=\"\" class=\"wp-image-299\" srcset=\"https:\/\/ramisol.es\/wp-content\/uploads\/2023\/06\/Hormigon-vertical-768x1024.jpg 768w, https:\/\/ramisol.es\/wp-content\/uploads\/2023\/06\/Hormigon-vertical-225x300.jpg 225w, https:\/\/ramisol.es\/wp-content\/uploads\/2023\/06\/Hormigon-vertical-1152x1536.jpg 1152w, https:\/\/ramisol.es\/wp-content\/uploads\/2023\/06\/Hormigon-vertical.jpg 1536w\" sizes=\"auto, (max-width: 768px) 100vw, 768px\" \/><\/a><figcaption class=\"wp-element-caption\"><mark style=\"background-color:#000000\" class=\"has-inline-color has-white-color\">Pavimentos especiales<\/mark><\/figcaption><\/figure>\n<\/figure>\n\n\n\n<h2 class=\"wp-block-heading\">GALER\u00cdAS<\/h2>\n\n\n\n<figure class=\"wp-block-gallery has-nested-images columns-default is-cropped wp-block-gallery-2 is-layout-flex wp-block-gallery-is-layout-flex\">\n<figure class=\"wp-block-image size-large\"><a href=\"https:\/\/ramisol.es\/index.php\/galeria-obras-hormigon-impreso\/\" target=\"_blank\" rel=\"noreferrer noopener\"><img loading=\"lazy\" decoding=\"async\" width=\"1024\" height=\"576\" data-id=\"315\" src=\"https:\/\/ramisol.es\/wp-content\/uploads\/2023\/07\/06-1024x576.jpg\" alt=\"\" class=\"wp-image-315\" srcset=\"https:\/\/ramisol.es\/wp-content\/uploads\/2023\/07\/06-1024x576.jpg 1024w, https:\/\/ramisol.es\/wp-content\/uploads\/2023\/07\/06-300x169.jpg 300w, https:\/\/ramisol.es\/wp-content\/uploads\/2023\/07\/06-768x432.jpg 768w, https:\/\/ramisol.es\/wp-content\/uploads\/2023\/07\/06-1536x864.jpg 1536w, https:\/\/ramisol.es\/wp-content\/uploads\/2023\/07\/06.jpg 1600w\" sizes=\"auto, (max-width: 1024px) 100vw, 1024px\" \/><\/a><figcaption class=\"wp-element-caption\"><strong><mark style=\"background-color:#000000\" class=\"has-inline-color has-white-color\">Galer\u00eda hormig\u00f3n impreso<\/mark><\/strong><\/figcaption><\/figure>\n\n\n\n<figure class=\"wp-block-image size-large\"><a href=\"https:\/\/ramisol.es\/index.php\/galeria-obras-hormigon-pulido\/\" target=\"_blank\" rel=\"noreferrer noopener\"><img loading=\"lazy\" decoding=\"async\" width=\"1024\" height=\"768\" data-id=\"316\" src=\"https:\/\/ramisol.es\/wp-content\/uploads\/2023\/07\/33-1024x768.jpg\" alt=\"\" class=\"wp-image-316\" srcset=\"https:\/\/ramisol.es\/wp-content\/uploads\/2023\/07\/33-1024x768.jpg 1024w, https:\/\/ramisol.es\/wp-content\/uploads\/2023\/07\/33-300x225.jpg 300w, https:\/\/ramisol.es\/wp-content\/uploads\/2023\/07\/33-768x576.jpg 768w, https:\/\/ramisol.es\/wp-content\/uploads\/2023\/07\/33-1536x1152.jpg 1536w, https:\/\/ramisol.es\/wp-content\/uploads\/2023\/07\/33.jpg 2048w\" sizes=\"auto, (max-width: 1024px) 100vw, 1024px\" \/><\/a><figcaption class=\"wp-element-caption\"><strong><mark style=\"background-color:#000000\" class=\"has-inline-color has-white-color\">Galer\u00eda hormig\u00f3n pulido<\/mark><\/strong><\/figcaption><\/figure>\n\n\n\n<figure class=\"wp-block-image size-large\"><a href=\"https:\/\/ramisol.es\/index.php\/galeria-de-pavimentos-especiales\/\" target=\"_blank\" rel=\"noreferrer noopener\"><img loading=\"lazy\" decoding=\"async\" width=\"768\" height=\"1024\" data-id=\"317\" src=\"https:\/\/ramisol.es\/wp-content\/uploads\/2023\/07\/28-768x1024.jpg\" alt=\"\" class=\"wp-image-317\" srcset=\"https:\/\/ramisol.es\/wp-content\/uploads\/2023\/07\/28-768x1024.jpg 768w, https:\/\/ramisol.es\/wp-content\/uploads\/2023\/07\/28-225x300.jpg 225w, https:\/\/ramisol.es\/wp-content\/uploads\/2023\/07\/28-1152x1536.jpg 1152w, https:\/\/ramisol.es\/wp-content\/uploads\/2023\/07\/28.jpg 1536w\" sizes=\"auto, (max-width: 768px) 100vw, 768px\" \/><\/a><figcaption class=\"wp-element-caption\"><strong><mark style=\"background-color:#000000\" class=\"has-inline-color has-white-color\">Galer\u00eda pavimentos especiales<\/mark><\/strong><\/figcaption><\/figure>\n<\/figure>\n\n\n\n<p>Si quieres que te ofertemos un presupuesto de forma totalmente gratuita y sin compromiso, puedes dejarnos un mensaje a trav\u00e9s de nuestra p\u00e1gina de <a id=\"\u201dboton\u201d\" href=\"https:\/\/ramisol.es\/index.php\/contacta-con-nosotros\/\" target=\"_blank\" rel=\"noopener\"> contacto<\/a>, o puedes hablar con nosotros llamando al <strong>626 455 932<\/strong> o al <strong>639 354 670<\/strong>.<\/p>\n\n\n\n<p><\/p>\n<!-- AddThis Advanced Settings generic via filter on the_content --><!-- AddThis Share Buttons generic via filter on the_content -->","protected":false},"excerpt":{"rendered":"<p>Desde Pavimentos Ramisol ofrecemos soluciones para solar superficies con hormig\u00f3n pulido o <a class=\"entry-read-more\" href=\"https:\/\/ramisol.es\/\">Leer m\u00e1s<\/a><!-- AddThis Advanced Settings generic via filter on get_the_excerpt --><!-- AddThis Share Buttons generic via filter on get_the_excerpt --><\/p>\n","protected":false},"author":1,"featured_media":0,"parent":0,"menu_order":0,"comment_status":"closed","ping_status":"closed","template":"","meta":{"ngg_post_thumbnail":0,"footnotes":""},"class_list":["post-29","page","type-page","status-publish","hentry"],"yoast_head":"<!-- This site is optimized with the Yoast SEO plugin v21.8 - https:\/\/yoast.com\/wordpress\/plugins\/seo\/ -->\n<title>Pavimentos Ramisol -<\/title>\n<meta name=\"description\" content=\"Desde Pavimentos Ramisol ofrecemos soluciones para solar superficies con hormig\u00f3n pulido o decorativo (pavimento impreso, pavimento vertical). Si\" \/>\n<meta name=\"robots\" content=\"index, follow, max-snippet:-1, max-image-preview:large, max-video-preview:-1\" \/>\n<link rel=\"canonical\" href=\"https:\/\/ramisol.es\/\" \/>\n<meta property=\"og:locale\" content=\"es_ES\" \/>\n<meta property=\"og:type\" content=\"article\" \/>\n<meta property=\"og:title\" content=\"Pavimentos Ramisol -\" \/>\n<meta property=\"og:description\" content=\"Desde Pavimentos Ramisol ofrecemos soluciones para solar superficies con hormig\u00f3n pulido o decorativo (pavimento impreso, pavimento vertical). Si\" \/>\n<meta property=\"og:url\" content=\"https:\/\/ramisol.es\/\" \/>\n<meta property=\"og:site_name\" content=\"Ramisol\" \/>\n<meta property=\"article:modified_time\" content=\"2023-07-30T17:19:18+00:00\" \/>\n<meta property=\"og:image\" content=\"https:\/\/ramisol.es\/wp-content\/uploads\/2023\/06\/M.-PIEDRA-INGLESA-ENV-PLATA-768x1024.jpg\" \/>\n<meta name=\"twitter:card\" content=\"summary_large_image\" \/>\n<meta name=\"twitter:label1\" content=\"Tiempo de lectura\" \/>\n\t<meta name=\"twitter:data1\" content=\"2 minutos\" \/>\n<script type=\"application\/ld+json\" class=\"yoast-schema-graph\">{\"@context\":\"https:\/\/schema.org\",\"@graph\":[{\"@type\":\"WebPage\",\"@id\":\"https:\/\/ramisol.es\/\",\"url\":\"https:\/\/ramisol.es\/\",\"name\":\"Pavimentos Ramisol -\",\"isPartOf\":{\"@id\":\"https:\/\/ramisol.es\/#website\"},\"datePublished\":\"2023-02-24T10:33:25+00:00\",\"dateModified\":\"2023-07-30T17:19:18+00:00\",\"description\":\"Desde Pavimentos Ramisol ofrecemos soluciones para solar superficies con hormig\u00f3n pulido o decorativo (pavimento impreso, pavimento vertical). Si\",\"breadcrumb\":{\"@id\":\"https:\/\/ramisol.es\/#breadcrumb\"},\"inLanguage\":\"es\",\"potentialAction\":[{\"@type\":\"ReadAction\",\"target\":[\"https:\/\/ramisol.es\/\"]}]},{\"@type\":\"BreadcrumbList\",\"@id\":\"https:\/\/ramisol.es\/#breadcrumb\",\"itemListElement\":[{\"@type\":\"ListItem\",\"position\":1,\"name\":\"Portada\",\"item\":\"https:\/\/ramisol.es\/\"},{\"@type\":\"ListItem\",\"position\":2,\"name\":\"Pavimentos Ramisol\"}]},{\"@type\":\"WebSite\",\"@id\":\"https:\/\/ramisol.es\/#website\",\"url\":\"https:\/\/ramisol.es\/\",\"name\":\"Ramisol\",\"description\":\"Hormig\u00f3n impreso\",\"potentialAction\":[{\"@type\":\"SearchAction\",\"target\":{\"@type\":\"EntryPoint\",\"urlTemplate\":\"https:\/\/ramisol.es\/?s={search_term_string}\"},\"query-input\":\"required name=search_term_string\"}],\"inLanguage\":\"es\"}]}<\/script>\n<!-- \/ Yoast SEO plugin. -->","yoast_head_json":{"title":"Pavimentos Ramisol -","description":"Desde Pavimentos Ramisol ofrecemos soluciones para solar superficies con hormig\u00f3n pulido o decorativo (pavimento impreso, pavimento vertical). Si","robots":{"index":"index","follow":"follow","max-snippet":"max-snippet:-1","max-image-preview":"max-image-preview:large","max-video-preview":"max-video-preview:-1"},"canonical":"https:\/\/ramisol.es\/","og_locale":"es_ES","og_type":"article","og_title":"Pavimentos Ramisol -","og_description":"Desde Pavimentos Ramisol ofrecemos soluciones para solar superficies con hormig\u00f3n pulido o decorativo (pavimento impreso, pavimento vertical). Si","og_url":"https:\/\/ramisol.es\/","og_site_name":"Ramisol","article_modified_time":"2023-07-30T17:19:18+00:00","og_image":[{"url":"https:\/\/ramisol.es\/wp-content\/uploads\/2023\/06\/M.-PIEDRA-INGLESA-ENV-PLATA-768x1024.jpg"}],"twitter_card":"summary_large_image","twitter_misc":{"Tiempo de lectura":"2 minutos"},"schema":{"@context":"https:\/\/schema.org","@graph":[{"@type":"WebPage","@id":"https:\/\/ramisol.es\/","url":"https:\/\/ramisol.es\/","name":"Pavimentos Ramisol -","isPartOf":{"@id":"https:\/\/ramisol.es\/#website"},"datePublished":"2023-02-24T10:33:25+00:00","dateModified":"2023-07-30T17:19:18+00:00","description":"Desde Pavimentos Ramisol ofrecemos soluciones para solar superficies con hormig\u00f3n pulido o decorativo (pavimento impreso, pavimento vertical). Si","breadcrumb":{"@id":"https:\/\/ramisol.es\/#breadcrumb"},"inLanguage":"es","potentialAction":[{"@type":"ReadAction","target":["https:\/\/ramisol.es\/"]}]},{"@type":"BreadcrumbList","@id":"https:\/\/ramisol.es\/#breadcrumb","itemListElement":[{"@type":"ListItem","position":1,"name":"Portada","item":"https:\/\/ramisol.es\/"},{"@type":"ListItem","position":2,"name":"Pavimentos Ramisol"}]},{"@type":"WebSite","@id":"https:\/\/ramisol.es\/#website","url":"https:\/\/ramisol.es\/","name":"Ramisol","description":"Hormig\u00f3n impreso","potentialAction":[{"@type":"SearchAction","target":{"@type":"EntryPoint","urlTemplate":"https:\/\/ramisol.es\/?s={search_term_string}"},"query-input":"required name=search_term_string"}],"inLanguage":"es"}]}},"_links":{"self":[{"href":"https:\/\/ramisol.es\/index.php\/wp-json\/wp\/v2\/pages\/29","targetHints":{"allow":["GET"]}}],"collection":[{"href":"https:\/\/ramisol.es\/index.php\/wp-json\/wp\/v2\/pages"}],"about":[{"href":"https:\/\/ramisol.es\/index.php\/wp-json\/wp\/v2\/types\/page"}],"author":[{"embeddable":true,"href":"https:\/\/ramisol.es\/index.php\/wp-json\/wp\/v2\/users\/1"}],"replies":[{"embeddable":true,"href":"https:\/\/ramisol.es\/index.php\/wp-json\/wp\/v2\/comments?post=29"}],"version-history":[{"count":12,"href":"https:\/\/ramisol.es\/index.php\/wp-json\/wp\/v2\/pages\/29\/revisions"}],"predecessor-version":[{"id":331,"href":"https:\/\/ramisol.es\/index.php\/wp-json\/wp\/v2\/pages\/29\/revisions\/331"}],"wp:attachment":[{"href":"https:\/\/ramisol.es\/index.php\/wp-json\/wp\/v2\/media?parent=29"}],"curies":[{"name":"wp","href":"https:\/\/api.w.org\/{rel}","templated":true}]}}