{"id":318,"date":"2023-07-30T16:56:03","date_gmt":"2023-07-30T16:56:03","guid":{"rendered":"https:\/\/ramisol.es\/?page_id=318"},"modified":"2023-10-15T18:59:51","modified_gmt":"2023-10-15T18:59:51","slug":"galeria-de-pavimentos-especiales","status":"publish","type":"page","link":"https:\/\/ramisol.es\/index.php\/galeria-de-pavimentos-especiales\/","title":{"rendered":"Galer\u00eda de pavimentos especiales"},"content":{"rendered":"\n<h2 class=\"wp-block-heading\">Pavimento vertical<\/h2>\n\n\n\n<p>Se trata de un tipo de hormig\u00f3n impreso que se realiza sobre superficies verticales como paredes o escalones.<\/p>\n\n\n\n<p>Se utiliza un producto especial preparado para este tipo de pavimento, pero en esencia es lo mismo que el hormig\u00f3n impreso, por lo que existe una amplia gama de colores y desmoldeantes (para los efectos de envejecido) y moldes (distintos tipos de grabado para nuestro pavimento).<\/p>\n\n\n\n<figure class=\"wp-block-image size-large is-resized\"><img loading=\"lazy\" decoding=\"async\" width=\"768\" height=\"1024\" src=\"https:\/\/ramisol.es\/wp-content\/uploads\/2023\/10\/Hormigon-vertical-768x1024.jpg\" alt=\"\" class=\"wp-image-386\" style=\"object-fit:cover;width:500px;height:500px\" srcset=\"https:\/\/ramisol.es\/wp-content\/uploads\/2023\/10\/Hormigon-vertical-768x1024.jpg 768w, https:\/\/ramisol.es\/wp-content\/uploads\/2023\/10\/Hormigon-vertical-225x300.jpg 225w, https:\/\/ramisol.es\/wp-content\/uploads\/2023\/10\/Hormigon-vertical-1152x1536.jpg 1152w, https:\/\/ramisol.es\/wp-content\/uploads\/2023\/10\/Hormigon-vertical.jpg 1536w\" sizes=\"auto, (max-width: 768px) 100vw, 768px\" \/><\/figure>\n\n\n\n<h2 class=\"wp-block-heading\">Recrecidos de 1 cent\u00edmetro<\/h2>\n\n\n\n<p>Se utiliza para reparar el pavimento da\u00f1ado o para hacer un recrecido sobre un pavimento antiguo (por ejemplo, hormig\u00f3n pulido o baldosas) y cambiarlo a un pavimento impreso.<\/p>\n\n\n\n<p>Se utiliza un producto especial preparado para este tipo de pavimento (no es necesario hormigonar de nuevo) y, una vez reparado y grabado, se le aplica una capa de otro producto cobertor del mismo color, para homogeneizar el color del pavimento antiguo con los \u00abparches\u00bb de la reparaci\u00f3n, lo que produce un resultado espectacular, haciendo que nuestro desgastado suelo quede como nuevo. Para terminar, es recomendable la aplicaci\u00f3n de resina, que le da protecci\u00f3n frente al agua y un brillo bonito y est\u00e9tico.<\/p>\n\n\n\n<figure class=\"wp-block-gallery has-nested-images columns-default is-cropped wp-block-gallery-1 is-layout-flex wp-block-gallery-is-layout-flex\">\n<figure class=\"wp-block-image size-large\"><img loading=\"lazy\" decoding=\"async\" width=\"768\" height=\"1024\" data-id=\"389\" src=\"https:\/\/ramisol.es\/wp-content\/uploads\/2023\/10\/reparacion-impreso-1-768x1024.jpg\" alt=\"\" class=\"wp-image-389\" srcset=\"https:\/\/ramisol.es\/wp-content\/uploads\/2023\/10\/reparacion-impreso-1-768x1024.jpg 768w, https:\/\/ramisol.es\/wp-content\/uploads\/2023\/10\/reparacion-impreso-1-225x300.jpg 225w, https:\/\/ramisol.es\/wp-content\/uploads\/2023\/10\/reparacion-impreso-1-1152x1536.jpg 1152w, https:\/\/ramisol.es\/wp-content\/uploads\/2023\/10\/reparacion-impreso-1.jpg 1536w\" sizes=\"auto, (max-width: 768px) 100vw, 768px\" \/><\/figure>\n\n\n\n<figure class=\"wp-block-image size-large\"><img loading=\"lazy\" decoding=\"async\" width=\"768\" height=\"1024\" data-id=\"388\" src=\"https:\/\/ramisol.es\/wp-content\/uploads\/2023\/10\/reparacion-impreso-2-768x1024.jpg\" alt=\"\" class=\"wp-image-388\" srcset=\"https:\/\/ramisol.es\/wp-content\/uploads\/2023\/10\/reparacion-impreso-2-768x1024.jpg 768w, https:\/\/ramisol.es\/wp-content\/uploads\/2023\/10\/reparacion-impreso-2-225x300.jpg 225w, https:\/\/ramisol.es\/wp-content\/uploads\/2023\/10\/reparacion-impreso-2-1152x1536.jpg 1152w, https:\/\/ramisol.es\/wp-content\/uploads\/2023\/10\/reparacion-impreso-2.jpg 1536w\" sizes=\"auto, (max-width: 768px) 100vw, 768px\" \/><\/figure>\n\n\n\n<figure class=\"wp-block-image size-large\"><img loading=\"lazy\" decoding=\"async\" width=\"771\" height=\"1024\" data-id=\"387\" src=\"https:\/\/ramisol.es\/wp-content\/uploads\/2023\/10\/reparacion-impreso-4-771x1024.jpg\" alt=\"\" class=\"wp-image-387\" srcset=\"https:\/\/ramisol.es\/wp-content\/uploads\/2023\/10\/reparacion-impreso-4-771x1024.jpg 771w, https:\/\/ramisol.es\/wp-content\/uploads\/2023\/10\/reparacion-impreso-4-226x300.jpg 226w, https:\/\/ramisol.es\/wp-content\/uploads\/2023\/10\/reparacion-impreso-4-768x1021.jpg 768w, https:\/\/ramisol.es\/wp-content\/uploads\/2023\/10\/reparacion-impreso-4-1156x1536.jpg 1156w, https:\/\/ramisol.es\/wp-content\/uploads\/2023\/10\/reparacion-impreso-4.jpg 1204w\" sizes=\"auto, (max-width: 771px) 100vw, 771px\" \/><\/figure>\n<\/figure>\n\n\n\n<figure class=\"wp-block-gallery has-nested-images columns-default is-cropped wp-block-gallery-2 is-layout-flex wp-block-gallery-is-layout-flex\">\n<figure class=\"wp-block-image size-large\"><img loading=\"lazy\" decoding=\"async\" width=\"768\" height=\"1024\" data-id=\"392\" src=\"https:\/\/ramisol.es\/wp-content\/uploads\/2023\/10\/30-768x1024.jpg\" alt=\"\" class=\"wp-image-392\" srcset=\"https:\/\/ramisol.es\/wp-content\/uploads\/2023\/10\/30-768x1024.jpg 768w, https:\/\/ramisol.es\/wp-content\/uploads\/2023\/10\/30-225x300.jpg 225w, https:\/\/ramisol.es\/wp-content\/uploads\/2023\/10\/30-1152x1536.jpg 1152w, https:\/\/ramisol.es\/wp-content\/uploads\/2023\/10\/30.jpg 1536w\" sizes=\"auto, (max-width: 768px) 100vw, 768px\" \/><\/figure>\n\n\n\n<figure class=\"wp-block-image size-large\"><img loading=\"lazy\" decoding=\"async\" width=\"768\" height=\"1024\" data-id=\"390\" src=\"https:\/\/ramisol.es\/wp-content\/uploads\/2023\/10\/29-768x1024.jpg\" alt=\"\" class=\"wp-image-390\" srcset=\"https:\/\/ramisol.es\/wp-content\/uploads\/2023\/10\/29-768x1024.jpg 768w, https:\/\/ramisol.es\/wp-content\/uploads\/2023\/10\/29-225x300.jpg 225w, https:\/\/ramisol.es\/wp-content\/uploads\/2023\/10\/29-1152x1536.jpg 1152w, https:\/\/ramisol.es\/wp-content\/uploads\/2023\/10\/29.jpg 1536w\" sizes=\"auto, (max-width: 768px) 100vw, 768px\" \/><\/figure>\n\n\n\n<figure class=\"wp-block-image size-large\"><img loading=\"lazy\" decoding=\"async\" width=\"768\" height=\"1024\" data-id=\"391\" src=\"https:\/\/ramisol.es\/wp-content\/uploads\/2023\/10\/28-768x1024.jpg\" alt=\"\" class=\"wp-image-391\" srcset=\"https:\/\/ramisol.es\/wp-content\/uploads\/2023\/10\/28-768x1024.jpg 768w, https:\/\/ramisol.es\/wp-content\/uploads\/2023\/10\/28-225x300.jpg 225w, https:\/\/ramisol.es\/wp-content\/uploads\/2023\/10\/28-1152x1536.jpg 1152w, https:\/\/ramisol.es\/wp-content\/uploads\/2023\/10\/28.jpg 1536w\" sizes=\"auto, (max-width: 768px) 100vw, 768px\" \/><\/figure>\n<\/figure>\n\n\n\n<figure class=\"wp-block-gallery has-nested-images columns-default is-cropped wp-block-gallery-3 is-layout-flex wp-block-gallery-is-layout-flex\">\n<figure class=\"wp-block-image size-large\"><img loading=\"lazy\" decoding=\"async\" width=\"768\" height=\"1024\" data-id=\"394\" src=\"https:\/\/ramisol.es\/wp-content\/uploads\/2023\/10\/27-768x1024.jpg\" alt=\"\" class=\"wp-image-394\" srcset=\"https:\/\/ramisol.es\/wp-content\/uploads\/2023\/10\/27-768x1024.jpg 768w, https:\/\/ramisol.es\/wp-content\/uploads\/2023\/10\/27-225x300.jpg 225w, https:\/\/ramisol.es\/wp-content\/uploads\/2023\/10\/27-1152x1536.jpg 1152w, https:\/\/ramisol.es\/wp-content\/uploads\/2023\/10\/27.jpg 1200w\" sizes=\"auto, (max-width: 768px) 100vw, 768px\" \/><\/figure>\n\n\n\n<figure class=\"wp-block-image size-large\"><img loading=\"lazy\" decoding=\"async\" width=\"768\" height=\"1024\" data-id=\"395\" src=\"https:\/\/ramisol.es\/wp-content\/uploads\/2023\/10\/21-768x1024.jpg\" alt=\"\" class=\"wp-image-395\" srcset=\"https:\/\/ramisol.es\/wp-content\/uploads\/2023\/10\/21-768x1024.jpg 768w, https:\/\/ramisol.es\/wp-content\/uploads\/2023\/10\/21-225x300.jpg 225w, https:\/\/ramisol.es\/wp-content\/uploads\/2023\/10\/21-1152x1536.jpg 1152w, https:\/\/ramisol.es\/wp-content\/uploads\/2023\/10\/21.jpg 1200w\" sizes=\"auto, (max-width: 768px) 100vw, 768px\" \/><\/figure>\n\n\n\n<figure class=\"wp-block-image size-large\"><img loading=\"lazy\" decoding=\"async\" width=\"768\" height=\"1024\" data-id=\"396\" src=\"https:\/\/ramisol.es\/wp-content\/uploads\/2023\/10\/22-2-768x1024.jpg\" alt=\"\" class=\"wp-image-396\" srcset=\"https:\/\/ramisol.es\/wp-content\/uploads\/2023\/10\/22-2-768x1024.jpg 768w, https:\/\/ramisol.es\/wp-content\/uploads\/2023\/10\/22-2-225x300.jpg 225w, https:\/\/ramisol.es\/wp-content\/uploads\/2023\/10\/22-2-1152x1536.jpg 1152w, https:\/\/ramisol.es\/wp-content\/uploads\/2023\/10\/22-2.jpg 1200w\" sizes=\"auto, (max-width: 768px) 100vw, 768px\" \/><\/figure>\n<\/figure>\n\n\n\n<p>Una curiosidad sobre este producto es que fue creado a partir de la alta demanda de reparaciones que ocasion\u00f3 el paso de la borrasca Filomena en Madrid en enero del 2021<\/p>\n\n\n\n<h2 class=\"wp-block-heading\">Recoloraci\u00f3n con cover<\/h2>\n\n\n\n<p>Este producto se utiliza para acabar las reparaciones, pero tambi\u00e9n puede utilizarse para realizar un cambio de color sobre el pavimento, acompa\u00f1ado de una resina te\u00f1ida, para un mejor resultado en la recoloraci\u00f3n.<\/p>\n\n\n\n<p>Se trata de un producto cementoso que se aplica igual que una pintura, inclusive puede utilizarse para pintar paredes, dando un resultado est\u00e9tico y original.<\/p>\n\n\n\n<figure class=\"wp-block-gallery has-nested-images columns-default is-cropped wp-block-gallery-4 is-layout-flex wp-block-gallery-is-layout-flex\">\n<figure class=\"wp-block-image size-large\"><img loading=\"lazy\" decoding=\"async\" width=\"768\" height=\"1024\" data-id=\"399\" src=\"https:\/\/ramisol.es\/wp-content\/uploads\/2023\/10\/20-768x1024.jpg\" alt=\"\" class=\"wp-image-399\" srcset=\"https:\/\/ramisol.es\/wp-content\/uploads\/2023\/10\/20-768x1024.jpg 768w, https:\/\/ramisol.es\/wp-content\/uploads\/2023\/10\/20-225x300.jpg 225w, https:\/\/ramisol.es\/wp-content\/uploads\/2023\/10\/20-1152x1536.jpg 1152w, https:\/\/ramisol.es\/wp-content\/uploads\/2023\/10\/20.jpg 1200w\" sizes=\"auto, (max-width: 768px) 100vw, 768px\" \/><\/figure>\n\n\n\n<figure class=\"wp-block-image size-large\"><img loading=\"lazy\" decoding=\"async\" width=\"768\" height=\"1024\" data-id=\"398\" src=\"https:\/\/ramisol.es\/wp-content\/uploads\/2023\/10\/18-768x1024.jpg\" alt=\"\" class=\"wp-image-398\" srcset=\"https:\/\/ramisol.es\/wp-content\/uploads\/2023\/10\/18-768x1024.jpg 768w, https:\/\/ramisol.es\/wp-content\/uploads\/2023\/10\/18-225x300.jpg 225w, https:\/\/ramisol.es\/wp-content\/uploads\/2023\/10\/18-1152x1536.jpg 1152w, https:\/\/ramisol.es\/wp-content\/uploads\/2023\/10\/18.jpg 1200w\" sizes=\"auto, (max-width: 768px) 100vw, 768px\" \/><\/figure>\n\n\n\n<figure class=\"wp-block-image size-large\"><img loading=\"lazy\" decoding=\"async\" width=\"768\" height=\"1024\" data-id=\"397\" src=\"https:\/\/ramisol.es\/wp-content\/uploads\/2023\/10\/14-768x1024.jpg\" alt=\"\" class=\"wp-image-397\" srcset=\"https:\/\/ramisol.es\/wp-content\/uploads\/2023\/10\/14-768x1024.jpg 768w, https:\/\/ramisol.es\/wp-content\/uploads\/2023\/10\/14-225x300.jpg 225w, https:\/\/ramisol.es\/wp-content\/uploads\/2023\/10\/14-1152x1536.jpg 1152w, https:\/\/ramisol.es\/wp-content\/uploads\/2023\/10\/14.jpg 1200w\" sizes=\"auto, (max-width: 768px) 100vw, 768px\" \/><\/figure>\n<\/figure>\n\n\n\n<figure class=\"wp-block-gallery has-nested-images columns-default is-cropped wp-block-gallery-5 is-layout-flex wp-block-gallery-is-layout-flex\">\n<figure class=\"wp-block-image size-large\"><img loading=\"lazy\" decoding=\"async\" width=\"768\" height=\"1024\" data-id=\"401\" src=\"https:\/\/ramisol.es\/wp-content\/uploads\/2023\/10\/25-768x1024.jpg\" alt=\"\" class=\"wp-image-401\" srcset=\"https:\/\/ramisol.es\/wp-content\/uploads\/2023\/10\/25-768x1024.jpg 768w, https:\/\/ramisol.es\/wp-content\/uploads\/2023\/10\/25-225x300.jpg 225w, https:\/\/ramisol.es\/wp-content\/uploads\/2023\/10\/25-1152x1536.jpg 1152w, https:\/\/ramisol.es\/wp-content\/uploads\/2023\/10\/25.jpg 1200w\" sizes=\"auto, (max-width: 768px) 100vw, 768px\" \/><\/figure>\n\n\n\n<figure class=\"wp-block-image size-large\"><img loading=\"lazy\" decoding=\"async\" width=\"768\" height=\"1024\" data-id=\"400\" src=\"https:\/\/ramisol.es\/wp-content\/uploads\/2023\/10\/23-768x1024.jpg\" alt=\"\" class=\"wp-image-400\" srcset=\"https:\/\/ramisol.es\/wp-content\/uploads\/2023\/10\/23-768x1024.jpg 768w, https:\/\/ramisol.es\/wp-content\/uploads\/2023\/10\/23-225x300.jpg 225w, https:\/\/ramisol.es\/wp-content\/uploads\/2023\/10\/23-1152x1536.jpg 1152w, https:\/\/ramisol.es\/wp-content\/uploads\/2023\/10\/23.jpg 1200w\" sizes=\"auto, (max-width: 768px) 100vw, 768px\" \/><\/figure>\n\n\n\n<figure class=\"wp-block-image size-large\"><img loading=\"lazy\" decoding=\"async\" width=\"768\" height=\"1024\" data-id=\"403\" src=\"https:\/\/ramisol.es\/wp-content\/uploads\/2023\/10\/22-3-768x1024.jpg\" alt=\"\" class=\"wp-image-403\" srcset=\"https:\/\/ramisol.es\/wp-content\/uploads\/2023\/10\/22-3-768x1024.jpg 768w, https:\/\/ramisol.es\/wp-content\/uploads\/2023\/10\/22-3-225x300.jpg 225w, https:\/\/ramisol.es\/wp-content\/uploads\/2023\/10\/22-3-1152x1536.jpg 1152w, https:\/\/ramisol.es\/wp-content\/uploads\/2023\/10\/22-3.jpg 1200w\" sizes=\"auto, (max-width: 768px) 100vw, 768px\" \/><\/figure>\n<\/figure>\n\n\n\n<figure class=\"wp-block-gallery has-nested-images columns-default is-cropped wp-block-gallery-6 is-layout-flex wp-block-gallery-is-layout-flex\">\n<figure class=\"wp-block-image size-large\"><img loading=\"lazy\" decoding=\"async\" width=\"1024\" height=\"768\" data-id=\"406\" src=\"https:\/\/ramisol.es\/wp-content\/uploads\/2023\/10\/Imagen-de-WhatsApp-2023-10-15-a-las-20.56.03_32d83cc0-1024x768.jpg\" alt=\"\" class=\"wp-image-406\" srcset=\"https:\/\/ramisol.es\/wp-content\/uploads\/2023\/10\/Imagen-de-WhatsApp-2023-10-15-a-las-20.56.03_32d83cc0-1024x768.jpg 1024w, https:\/\/ramisol.es\/wp-content\/uploads\/2023\/10\/Imagen-de-WhatsApp-2023-10-15-a-las-20.56.03_32d83cc0-300x225.jpg 300w, https:\/\/ramisol.es\/wp-content\/uploads\/2023\/10\/Imagen-de-WhatsApp-2023-10-15-a-las-20.56.03_32d83cc0-768x576.jpg 768w, https:\/\/ramisol.es\/wp-content\/uploads\/2023\/10\/Imagen-de-WhatsApp-2023-10-15-a-las-20.56.03_32d83cc0-1536x1152.jpg 1536w, https:\/\/ramisol.es\/wp-content\/uploads\/2023\/10\/Imagen-de-WhatsApp-2023-10-15-a-las-20.56.03_32d83cc0.jpg 2048w\" sizes=\"auto, (max-width: 1024px) 100vw, 1024px\" \/><\/figure>\n\n\n\n<figure class=\"wp-block-image size-large\"><img loading=\"lazy\" decoding=\"async\" width=\"1024\" height=\"768\" data-id=\"404\" src=\"https:\/\/ramisol.es\/wp-content\/uploads\/2023\/10\/Imagen-de-WhatsApp-2023-10-15-a-las-20.56.03_8df67843-1024x768.jpg\" alt=\"\" class=\"wp-image-404\" srcset=\"https:\/\/ramisol.es\/wp-content\/uploads\/2023\/10\/Imagen-de-WhatsApp-2023-10-15-a-las-20.56.03_8df67843-1024x768.jpg 1024w, https:\/\/ramisol.es\/wp-content\/uploads\/2023\/10\/Imagen-de-WhatsApp-2023-10-15-a-las-20.56.03_8df67843-300x225.jpg 300w, https:\/\/ramisol.es\/wp-content\/uploads\/2023\/10\/Imagen-de-WhatsApp-2023-10-15-a-las-20.56.03_8df67843-768x576.jpg 768w, https:\/\/ramisol.es\/wp-content\/uploads\/2023\/10\/Imagen-de-WhatsApp-2023-10-15-a-las-20.56.03_8df67843-1536x1152.jpg 1536w, https:\/\/ramisol.es\/wp-content\/uploads\/2023\/10\/Imagen-de-WhatsApp-2023-10-15-a-las-20.56.03_8df67843.jpg 2048w\" sizes=\"auto, (max-width: 1024px) 100vw, 1024px\" \/><\/figure>\n\n\n\n<figure class=\"wp-block-image size-large\"><img loading=\"lazy\" decoding=\"async\" width=\"1024\" height=\"768\" data-id=\"405\" src=\"https:\/\/ramisol.es\/wp-content\/uploads\/2023\/10\/Imagen-de-WhatsApp-2023-10-15-a-las-20.56.04_c9bd8c17-1024x768.jpg\" alt=\"\" class=\"wp-image-405\" srcset=\"https:\/\/ramisol.es\/wp-content\/uploads\/2023\/10\/Imagen-de-WhatsApp-2023-10-15-a-las-20.56.04_c9bd8c17-1024x768.jpg 1024w, https:\/\/ramisol.es\/wp-content\/uploads\/2023\/10\/Imagen-de-WhatsApp-2023-10-15-a-las-20.56.04_c9bd8c17-300x225.jpg 300w, https:\/\/ramisol.es\/wp-content\/uploads\/2023\/10\/Imagen-de-WhatsApp-2023-10-15-a-las-20.56.04_c9bd8c17-768x576.jpg 768w, https:\/\/ramisol.es\/wp-content\/uploads\/2023\/10\/Imagen-de-WhatsApp-2023-10-15-a-las-20.56.04_c9bd8c17-1536x1152.jpg 1536w, https:\/\/ramisol.es\/wp-content\/uploads\/2023\/10\/Imagen-de-WhatsApp-2023-10-15-a-las-20.56.04_c9bd8c17.jpg 2048w\" sizes=\"auto, (max-width: 1024px) 100vw, 1024px\" \/><\/figure>\n<\/figure>\n<!-- AddThis Advanced Settings generic via filter on the_content --><!-- AddThis Share Buttons generic via filter on the_content -->","protected":false},"excerpt":{"rendered":"<p>Pavimento vertical Se trata de un tipo de hormig\u00f3n impreso que se <a class=\"entry-read-more\" href=\"https:\/\/ramisol.es\/index.php\/galeria-de-pavimentos-especiales\/\">Leer m\u00e1s<\/a><!-- AddThis Advanced Settings generic via filter on get_the_excerpt --><!-- AddThis Share Buttons generic via filter on get_the_excerpt --><\/p>\n","protected":false},"author":1,"featured_media":0,"parent":0,"menu_order":0,"comment_status":"closed","ping_status":"closed","template":"","meta":{"ngg_post_thumbnail":0,"footnotes":""},"class_list":["post-318","page","type-page","status-publish","hentry"],"yoast_head":"<!-- This site is optimized with the Yoast SEO plugin v21.8 - https:\/\/yoast.com\/wordpress\/plugins\/seo\/ -->\n<title>Galer\u00eda de pavimentos especiales -<\/title>\n<meta name=\"description\" content=\"Pavimento vertical Se trata de un tipo de hormig\u00f3n impreso que se realiza sobre superficies verticales como paredes o escalones. Se utiliza un producto\" \/>\n<meta name=\"robots\" content=\"index, follow, max-snippet:-1, max-image-preview:large, max-video-preview:-1\" \/>\n<link rel=\"canonical\" href=\"https:\/\/ramisol.es\/index.php\/galeria-de-pavimentos-especiales\/\" \/>\n<meta property=\"og:locale\" content=\"es_ES\" \/>\n<meta property=\"og:type\" content=\"article\" \/>\n<meta property=\"og:title\" content=\"Galer\u00eda de pavimentos especiales -\" \/>\n<meta property=\"og:description\" content=\"Pavimento vertical Se trata de un tipo de hormig\u00f3n impreso que se realiza sobre superficies verticales como paredes o escalones. Se utiliza un producto\" \/>\n<meta property=\"og:url\" content=\"https:\/\/ramisol.es\/index.php\/galeria-de-pavimentos-especiales\/\" \/>\n<meta property=\"og:site_name\" content=\"Ramisol\" \/>\n<meta property=\"article:modified_time\" content=\"2023-10-15T18:59:51+00:00\" \/>\n<meta property=\"og:image\" content=\"https:\/\/ramisol.es\/wp-content\/uploads\/2023\/10\/Hormigon-vertical-768x1024.jpg\" \/>\n<meta name=\"twitter:card\" content=\"summary_large_image\" \/>\n<meta name=\"twitter:label1\" content=\"Tiempo de lectura\" \/>\n\t<meta name=\"twitter:data1\" content=\"6 minutos\" \/>\n<script type=\"application\/ld+json\" class=\"yoast-schema-graph\">{\"@context\":\"https:\/\/schema.org\",\"@graph\":[{\"@type\":\"WebPage\",\"@id\":\"https:\/\/ramisol.es\/index.php\/galeria-de-pavimentos-especiales\/\",\"url\":\"https:\/\/ramisol.es\/index.php\/galeria-de-pavimentos-especiales\/\",\"name\":\"Galer\u00eda de pavimentos especiales -\",\"isPartOf\":{\"@id\":\"https:\/\/ramisol.es\/#website\"},\"datePublished\":\"2023-07-30T16:56:03+00:00\",\"dateModified\":\"2023-10-15T18:59:51+00:00\",\"description\":\"Pavimento vertical Se trata de un tipo de hormig\u00f3n impreso que se realiza sobre superficies verticales como paredes o escalones. Se utiliza un producto\",\"breadcrumb\":{\"@id\":\"https:\/\/ramisol.es\/index.php\/galeria-de-pavimentos-especiales\/#breadcrumb\"},\"inLanguage\":\"es\",\"potentialAction\":[{\"@type\":\"ReadAction\",\"target\":[\"https:\/\/ramisol.es\/index.php\/galeria-de-pavimentos-especiales\/\"]}]},{\"@type\":\"BreadcrumbList\",\"@id\":\"https:\/\/ramisol.es\/index.php\/galeria-de-pavimentos-especiales\/#breadcrumb\",\"itemListElement\":[{\"@type\":\"ListItem\",\"position\":1,\"name\":\"Portada\",\"item\":\"https:\/\/ramisol.es\/\"},{\"@type\":\"ListItem\",\"position\":2,\"name\":\"Galer\u00eda de pavimentos especiales\"}]},{\"@type\":\"WebSite\",\"@id\":\"https:\/\/ramisol.es\/#website\",\"url\":\"https:\/\/ramisol.es\/\",\"name\":\"Ramisol\",\"description\":\"Hormig\u00f3n impreso\",\"potentialAction\":[{\"@type\":\"SearchAction\",\"target\":{\"@type\":\"EntryPoint\",\"urlTemplate\":\"https:\/\/ramisol.es\/?s={search_term_string}\"},\"query-input\":\"required name=search_term_string\"}],\"inLanguage\":\"es\"}]}<\/script>\n<!-- \/ Yoast SEO plugin. -->","yoast_head_json":{"title":"Galer\u00eda de pavimentos especiales -","description":"Pavimento vertical Se trata de un tipo de hormig\u00f3n impreso que se realiza sobre superficies verticales como paredes o escalones. Se utiliza un producto","robots":{"index":"index","follow":"follow","max-snippet":"max-snippet:-1","max-image-preview":"max-image-preview:large","max-video-preview":"max-video-preview:-1"},"canonical":"https:\/\/ramisol.es\/index.php\/galeria-de-pavimentos-especiales\/","og_locale":"es_ES","og_type":"article","og_title":"Galer\u00eda de pavimentos especiales -","og_description":"Pavimento vertical Se trata de un tipo de hormig\u00f3n impreso que se realiza sobre superficies verticales como paredes o escalones. Se utiliza un producto","og_url":"https:\/\/ramisol.es\/index.php\/galeria-de-pavimentos-especiales\/","og_site_name":"Ramisol","article_modified_time":"2023-10-15T18:59:51+00:00","og_image":[{"url":"https:\/\/ramisol.es\/wp-content\/uploads\/2023\/10\/Hormigon-vertical-768x1024.jpg"}],"twitter_card":"summary_large_image","twitter_misc":{"Tiempo de lectura":"6 minutos"},"schema":{"@context":"https:\/\/schema.org","@graph":[{"@type":"WebPage","@id":"https:\/\/ramisol.es\/index.php\/galeria-de-pavimentos-especiales\/","url":"https:\/\/ramisol.es\/index.php\/galeria-de-pavimentos-especiales\/","name":"Galer\u00eda de pavimentos especiales -","isPartOf":{"@id":"https:\/\/ramisol.es\/#website"},"datePublished":"2023-07-30T16:56:03+00:00","dateModified":"2023-10-15T18:59:51+00:00","description":"Pavimento vertical Se trata de un tipo de hormig\u00f3n impreso que se realiza sobre superficies verticales como paredes o escalones. Se utiliza un producto","breadcrumb":{"@id":"https:\/\/ramisol.es\/index.php\/galeria-de-pavimentos-especiales\/#breadcrumb"},"inLanguage":"es","potentialAction":[{"@type":"ReadAction","target":["https:\/\/ramisol.es\/index.php\/galeria-de-pavimentos-especiales\/"]}]},{"@type":"BreadcrumbList","@id":"https:\/\/ramisol.es\/index.php\/galeria-de-pavimentos-especiales\/#breadcrumb","itemListElement":[{"@type":"ListItem","position":1,"name":"Portada","item":"https:\/\/ramisol.es\/"},{"@type":"ListItem","position":2,"name":"Galer\u00eda de pavimentos especiales"}]},{"@type":"WebSite","@id":"https:\/\/ramisol.es\/#website","url":"https:\/\/ramisol.es\/","name":"Ramisol","description":"Hormig\u00f3n impreso","potentialAction":[{"@type":"SearchAction","target":{"@type":"EntryPoint","urlTemplate":"https:\/\/ramisol.es\/?s={search_term_string}"},"query-input":"required name=search_term_string"}],"inLanguage":"es"}]}},"_links":{"self":[{"href":"https:\/\/ramisol.es\/index.php\/wp-json\/wp\/v2\/pages\/318","targetHints":{"allow":["GET"]}}],"collection":[{"href":"https:\/\/ramisol.es\/index.php\/wp-json\/wp\/v2\/pages"}],"about":[{"href":"https:\/\/ramisol.es\/index.php\/wp-json\/wp\/v2\/types\/page"}],"author":[{"embeddable":true,"href":"https:\/\/ramisol.es\/index.php\/wp-json\/wp\/v2\/users\/1"}],"replies":[{"embeddable":true,"href":"https:\/\/ramisol.es\/index.php\/wp-json\/wp\/v2\/comments?post=318"}],"version-history":[{"count":3,"href":"https:\/\/ramisol.es\/index.php\/wp-json\/wp\/v2\/pages\/318\/revisions"}],"predecessor-version":[{"id":409,"href":"https:\/\/ramisol.es\/index.php\/wp-json\/wp\/v2\/pages\/318\/revisions\/409"}],"wp:attachment":[{"href":"https:\/\/ramisol.es\/index.php\/wp-json\/wp\/v2\/media?parent=318"}],"curies":[{"name":"wp","href":"https:\/\/api.w.org\/{rel}","templated":true}]}}